{"id":873,"date":"2022-12-09T19:32:46","date_gmt":"2022-12-09T19:32:46","guid":{"rendered":"https:\/\/cssun.net\/?page_id=873"},"modified":"2024-07-04T05:38:41","modified_gmt":"2024-07-04T05:38:41","slug":"network-service","status":"publish","type":"page","link":"https:\/\/cssun.net\/de\/network-service\/","title":{"rendered":"Netzwerkdienst"},"content":{"rendered":"<div data-elementor-type=\"wp-page\" data-elementor-id=\"873\" class=\"elementor elementor-873\" data-elementor-post-type=\"page\">\n\t\t\t\t\t\t<section class=\"elementor-section elementor-top-section elementor-element elementor-element-8ff40b6 elementor-section-height-min-height elementor-section-boxed elementor-section-height-default elementor-section-items-middle\" data-id=\"8ff40b6\" data-element_type=\"section\" data-e-type=\"section\" data-settings=\"{&quot;jet_parallax_layout_list&quot;:[],&quot;background_background&quot;:&quot;classic&quot;}\">\n\t\t\t\t\t\t<div class=\"elementor-container elementor-column-gap-default\">\n\t\t\t\t\t<div class=\"elementor-column elementor-col-50 elementor-top-column elementor-element elementor-element-f90e8c5\" data-id=\"f90e8c5\" data-element_type=\"column\" data-e-type=\"column\" data-settings=\"{&quot;background_background&quot;:&quot;classic&quot;}\">\n\t\t\t<div class=\"elementor-widget-wrap elementor-element-populated\">\n\t\t\t\t\t\t<div class=\"elementor-element elementor-element-c736501 elementor-widget elementor-widget-heading\" data-id=\"c736501\" data-element_type=\"widget\" data-e-type=\"widget\" data-widget_type=\"heading.default\">\n\t\t\t\t\t<h2 class=\"elementor-heading-title elementor-size-default\">Welcome to be CSSUN Partner<\/h2>\t\t\t\t<\/div>\n\t\t\t\t<div class=\"elementor-element elementor-element-6d6f633 elementor-widget elementor-widget-heading\" data-id=\"6d6f633\" data-element_type=\"widget\" data-e-type=\"widget\" data-widget_type=\"heading.default\">\n\t\t\t\t\t<h2 class=\"elementor-heading-title elementor-size-default\">Distributor, Retailer, Wholesale\nJoin Us With Any Of These Roles<\/h2>\t\t\t\t<\/div>\n\t\t\t\t\t<\/div>\n\t\t<\/div>\n\t\t\t\t<div class=\"elementor-column elementor-col-50 elementor-top-column elementor-element elementor-element-5684fdf\" data-id=\"5684fdf\" data-element_type=\"column\" data-e-type=\"column\">\n\t\t\t<div class=\"elementor-widget-wrap\">\n\t\t\t\t\t\t\t<\/div>\n\t\t<\/div>\n\t\t\t\t\t<\/div>\n\t\t<\/section>\n\t\t\t\t<section class=\"elementor-section elementor-top-section elementor-element elementor-element-75d0441 elementor-reverse-mobile elementor-section-boxed elementor-section-height-default elementor-section-height-default\" data-id=\"75d0441\" data-element_type=\"section\" data-e-type=\"section\" data-settings=\"{&quot;jet_parallax_layout_list&quot;:[]}\">\n\t\t\t\t\t\t<div class=\"elementor-container elementor-column-gap-default\">\n\t\t\t\t\t<div class=\"elementor-column elementor-col-33 elementor-top-column elementor-element elementor-element-905eb99\" data-id=\"905eb99\" data-element_type=\"column\" data-e-type=\"column\">\n\t\t\t<div class=\"elementor-widget-wrap elementor-element-populated\">\n\t\t\t\t\t\t<section class=\"elementor-section elementor-inner-section elementor-element elementor-element-0d05f3c elementor-section-boxed elementor-section-height-default elementor-section-height-default\" data-id=\"0d05f3c\" data-element_type=\"section\" data-e-type=\"section\" data-settings=\"{&quot;jet_parallax_layout_list&quot;:[],&quot;background_background&quot;:&quot;classic&quot;,&quot;sticky&quot;:&quot;top&quot;,&quot;sticky_on&quot;:[&quot;desktop&quot;,&quot;tablet&quot;],&quot;sticky_offset&quot;:100,&quot;sticky_parent&quot;:&quot;yes&quot;,&quot;sticky_effects_offset&quot;:0,&quot;sticky_anchor_link_offset&quot;:0}\">\n\t\t\t\t\t\t<div class=\"elementor-container elementor-column-gap-default\">\n\t\t\t\t\t<div class=\"elementor-column elementor-col-100 elementor-inner-column elementor-element elementor-element-6200511\" data-id=\"6200511\" data-element_type=\"column\" data-e-type=\"column\">\n\t\t\t<div class=\"elementor-widget-wrap elementor-element-populated\">\n\t\t\t\t\t\t<div class=\"elementor-element elementor-element-992981e elementor-widget elementor-widget-heading\" data-id=\"992981e\" data-element_type=\"widget\" data-e-type=\"widget\" data-widget_type=\"heading.default\">\n\t\t\t\t\t<h5 class=\"elementor-heading-title elementor-size-default\">Technischer Dienst\n<\/h5>\t\t\t\t<\/div>\n\t\t\t\t<div class=\"elementor-element elementor-element-cf943a6 Categories-Menu elementor-icon-list--layout-traditional elementor-list-item-link-full_width elementor-widget elementor-widget-global elementor-global-920 elementor-widget-icon-list\" data-id=\"cf943a6\" data-element_type=\"widget\" data-e-type=\"widget\" data-widget_type=\"icon-list.default\">\n\t\t\t\t\t\t\t<ul class=\"elementor-icon-list-items\">\n\t\t\t\t\t\t\t<li class=\"elementor-icon-list-item\">\n\t\t\t\t\t\t\t\t\t\t\t<a href=\"\/de\/network-service\/\">\n\n\t\t\t\t\t\t\t\t\t\t\t<span class=\"elementor-icon-list-text\">Netzwerkdienst<\/span>\n\t\t\t\t\t\t\t\t\t\t\t<\/a>\n\t\t\t\t\t\t\t\t\t<\/li>\n\t\t\t\t\t\t\t\t<li class=\"elementor-icon-list-item\">\n\t\t\t\t\t\t\t\t\t\t\t<a href=\"\/de\/technical-support\/\">\n\n\t\t\t\t\t\t\t\t\t\t\t<span class=\"elementor-icon-list-text\">Technischer Support<\/span>\n\t\t\t\t\t\t\t\t\t\t\t<\/a>\n\t\t\t\t\t\t\t\t\t<\/li>\n\t\t\t\t\t\t\t\t<li class=\"elementor-icon-list-item\">\n\t\t\t\t\t\t\t\t\t\t\t<a href=\"\/de\/faqs\/\">\n\n\t\t\t\t\t\t\t\t\t\t\t<span class=\"elementor-icon-list-text\">H\u00e4ufig gestellte Fragen<\/span>\n\t\t\t\t\t\t\t\t\t\t\t<\/a>\n\t\t\t\t\t\t\t\t\t<\/li>\n\t\t\t\t\t\t\t\t<li class=\"elementor-icon-list-item\">\n\t\t\t\t\t\t\t\t\t\t\t<a href=\"\/de\/tech-doc-download\/\">\n\n\t\t\t\t\t\t\t\t\t\t\t<span class=\"elementor-icon-list-text\">Tech-Doc-Download<\/span>\n\t\t\t\t\t\t\t\t\t\t\t<\/a>\n\t\t\t\t\t\t\t\t\t<\/li>\n\t\t\t\t\t\t<\/ul>\n\t\t\t\t\t\t<\/div>\n\t\t\t\t<div class=\"elementor-element elementor-element-43172e2 elementor-cta--skin-cover elementor-bg-transform elementor-bg-transform-zoom-in elementor-widget elementor-widget-call-to-action\" data-id=\"43172e2\" data-element_type=\"widget\" data-e-type=\"widget\" data-widget_type=\"call-to-action.default\">\n\t\t\t\t\t\t\t<div class=\"elementor-cta\">\n\t\t\t\t\t<div class=\"elementor-cta__bg-wrapper\">\n\t\t\t\t<div class=\"elementor-cta__bg elementor-bg\" style=\"background-image: url(https:\/\/cssun.net\/wp-content\/uploads\/2022\/12\/Need-Help-BG-1024x464.jpg);\" role=\"img\" aria-label=\"Need Help BG\"><\/div>\n\t\t\t\t<div class=\"elementor-cta__bg-overlay\"><\/div>\n\t\t\t<\/div>\n\t\t\t\t\t\t\t<div class=\"elementor-cta__content\">\n\t\t\t\t\n\t\t\t\t\t\t\t\t\t<h2 class=\"elementor-cta__title elementor-cta__content-item elementor-content-item\">\n\t\t\t\t\t\tBatterie dringend ben\u00f6tigt?\t\t\t\t\t<\/h2>\n\t\t\t\t\n\t\t\t\t\t\t\t\t\t<div class=\"elementor-cta__description elementor-cta__content-item elementor-content-item\">\n\t\t\t\t\t\tSie k\u00f6nnen uns auf jede f\u00fcr Sie bequeme Weise kontaktieren. Wir sind rund um die Uhr erreichbar \u00fcber: sales@cssun.net oder WhatsApp\/WeChat: +8613798341910\t\t\t\t\t<\/div>\n\t\t\t\t\n\t\t\t\t\t\t\t\t\t<div class=\"elementor-cta__button-wrapper elementor-cta__content-item elementor-content-item\">\n\t\t\t\t\t<a class=\"elementor-cta__button elementor-button elementor-size-md\" href=\"\/de\/contact-us\/\">\n\t\t\t\t\t\tKONTAKTIERE UNS\t\t\t\t\t<\/a>\n\t\t\t\t\t<\/div>\n\t\t\t\t\t\t\t<\/div>\n\t\t\t\t\t\t<\/div>\n\t\t\t\t\t\t<\/div>\n\t\t\t\t<div class=\"elementor-element elementor-element-ff479ae elementor-widget elementor-widget-spacer\" data-id=\"ff479ae\" data-element_type=\"widget\" data-e-type=\"widget\" data-widget_type=\"spacer.default\">\n\t\t\t\t\t\t\t<div class=\"elementor-spacer\">\n\t\t\t<div class=\"elementor-spacer-inner\"><\/div>\n\t\t<\/div>\n\t\t\t\t\t\t<\/div>\n\t\t\t\t<div class=\"elementor-element elementor-element-0b50996 elementor-widget elementor-widget-heading\" data-id=\"0b50996\" data-element_type=\"widget\" data-e-type=\"widget\" data-widget_type=\"heading.default\">\n\t\t\t\t\t<h5 class=\"elementor-heading-title elementor-size-default\">Neue Produkte<\/h5>\t\t\t\t<\/div>\n\t\t\t\t<div class=\"elementor-element elementor-element-1e6c71d elementor-widget elementor-widget-image\" data-id=\"1e6c71d\" data-element_type=\"widget\" data-e-type=\"widget\" data-widget_type=\"image.default\">\n\t\t\t\t\t\t\t\t\t\t\t\t\t\t\t<img decoding=\"async\" width=\"106\" height=\"21\" src=\"https:\/\/cssun.net\/wp-content\/uploads\/2022\/11\/title_line.png\" class=\"attachment-large size-large wp-image-62\" alt=\"Power Battery\" \/>\t\t\t\t\t\t\t\t\t\t\t\t\t\t\t<\/div>\n\t\t\t\t<div class=\"elementor-element elementor-element-8ad51f3 elementor-grid-1 elementor-grid-tablet-1 elementor-posts--thumbnail-left elementor-grid-mobile-1 elementor-widget elementor-widget-posts\" data-id=\"8ad51f3\" data-element_type=\"widget\" data-e-type=\"widget\" data-settings=\"{&quot;classic_columns&quot;:&quot;1&quot;,&quot;classic_columns_tablet&quot;:&quot;1&quot;,&quot;classic_row_gap&quot;:{&quot;unit&quot;:&quot;px&quot;,&quot;size&quot;:20,&quot;sizes&quot;:[]},&quot;classic_columns_mobile&quot;:&quot;1&quot;,&quot;classic_row_gap_tablet&quot;:{&quot;unit&quot;:&quot;px&quot;,&quot;size&quot;:&quot;&quot;,&quot;sizes&quot;:[]},&quot;classic_row_gap_mobile&quot;:{&quot;unit&quot;:&quot;px&quot;,&quot;size&quot;:&quot;&quot;,&quot;sizes&quot;:[]}}\" data-widget_type=\"posts.classic\">\n\t\t\t\t<div class=\"elementor-widget-container\">\n\t\t\t\t\t\t\t<div class=\"elementor-posts-container elementor-posts elementor-posts--skin-classic elementor-grid\" role=\"list\">\n\t\t\t\t<article class=\"elementor-post elementor-grid-item post-3622 products type-products status-publish has-post-thumbnail hentry product_tag-lifepo4-battery-with-bms-board product_tag-lifepo4-cylinder-cell-80-dod-4000-cycles product_tag-lifepo4-square-cell-80-dod-6000-cycles product_tag-max-4-series-4-parallel-connected product_tag-lithium-battery-with-sla-battery-shell product_tag-suppler-deep-cycle-lifepo4-battery product_tag-12v400ah-24v200ah-lifepo4-battery-pack\" role=\"listitem\">\n\t\t\t\t<a class=\"elementor-post__thumbnail__link\" href=\"https:\/\/cssun.net\/de\/products\/reliable-lfp-lifepo4-battery-lead-acid-replacement\/\" tabindex=\"-1\" >\n\t\t\t<div class=\"elementor-post__thumbnail\"><img fetchpriority=\"high\" decoding=\"async\" width=\"300\" height=\"300\" src=\"https:\/\/cssun.net\/wp-content\/uploads\/2024\/03\/LFP-Series-1-300x300.webp\" class=\"attachment-medium size-medium wp-image-7611\" alt=\"\" srcset=\"https:\/\/cssun.net\/wp-content\/uploads\/2024\/03\/LFP-Series-1-300x300.webp 300w, https:\/\/cssun.net\/wp-content\/uploads\/2024\/03\/LFP-Series-1-150x150.webp 150w, https:\/\/cssun.net\/wp-content\/uploads\/2024\/03\/LFP-Series-1-768x768.webp 768w, https:\/\/cssun.net\/wp-content\/uploads\/2024\/03\/LFP-Series-1-12x12.webp 12w, https:\/\/cssun.net\/wp-content\/uploads\/2024\/03\/LFP-Series-1.webp 800w\" sizes=\"(max-width: 300px) 100vw, 300px\" \/><\/div>\n\t\t<\/a>\n\t\t\t\t<div class=\"elementor-post__text\">\n\t\t\t\t<h3 class=\"elementor-post__title\">\n\t\t\t<a href=\"https:\/\/cssun.net\/de\/products\/reliable-lfp-lifepo4-battery-lead-acid-replacement\/\" >\n\t\t\t\tLiFePO4 Battery Replace VRLA\t\t\t<\/a>\n\t\t<\/h3>\n\t\t\t\t<div class=\"elementor-post__excerpt\">\n\t\t\t<p>LFP Series 12V 24V 48V Lithium battery<\/p>\n\t\t<\/div>\n\t\t\t\t\t<div class=\"elementor-post__read-more-wrapper\">\n\t\t\n\t\t<a class=\"elementor-post__read-more\" href=\"https:\/\/cssun.net\/de\/products\/reliable-lfp-lifepo4-battery-lead-acid-replacement\/\" aria-label=\"Mehr \u00fcber LiFePO4 Battery Replace VRLA\" tabindex=\"-1\" >\n\t\t\tWeiterlesen\t\t<\/a>\n\n\t\t\t\t\t<\/div>\n\t\t\t\t<\/div>\n\t\t\t\t<\/article>\n\t\t\t\t<article class=\"elementor-post elementor-grid-item post-3624 products type-products status-publish has-post-thumbnail hentry product_tag-24v-36v-48v-384v-512v-lifepo4-batteries product_tag-50ah-100ah-150ah-200ah-up-1000ah-lifepo4-batteries product_tag-lifepo4-battery-with-bms-board product_tag-lifepo4-battery-pack-for-19-power-cabinet product_tag-lifepo4-square-cell-80-dod-6000-cycles-lpr-battery-advance product_tag-lifepo4-batteries-with-protocol-modbus-rs485-rs232-can product_category-lifepo4-batteries-for-19r\" role=\"listitem\">\n\t\t\t\t<a class=\"elementor-post__thumbnail__link\" href=\"https:\/\/cssun.net\/de\/products\/lpr-lifepo4-battery\/\" tabindex=\"-1\" >\n\t\t\t<div class=\"elementor-post__thumbnail\"><img decoding=\"async\" width=\"300\" height=\"300\" src=\"https:\/\/cssun.net\/wp-content\/uploads\/2024\/03\/LPR-Series-1-300x300.webp\" class=\"attachment-medium size-medium wp-image-7610\" alt=\"\" srcset=\"https:\/\/cssun.net\/wp-content\/uploads\/2024\/03\/LPR-Series-1-300x300.webp 300w, https:\/\/cssun.net\/wp-content\/uploads\/2024\/03\/LPR-Series-1-150x150.webp 150w, https:\/\/cssun.net\/wp-content\/uploads\/2024\/03\/LPR-Series-1-768x768.webp 768w, https:\/\/cssun.net\/wp-content\/uploads\/2024\/03\/LPR-Series-1-12x12.webp 12w, https:\/\/cssun.net\/wp-content\/uploads\/2024\/03\/LPR-Series-1.webp 800w\" sizes=\"(max-width: 300px) 100vw, 300px\" \/><\/div>\n\t\t<\/a>\n\t\t\t\t<div class=\"elementor-post__text\">\n\t\t\t\t<h3 class=\"elementor-post__title\">\n\t\t\t<a href=\"https:\/\/cssun.net\/de\/products\/lpr-lifepo4-battery\/\" >\n\t\t\t\tServer Rack Lithium Battery\t\t\t<\/a>\n\t\t<\/h3>\n\t\t\t\t<div class=\"elementor-post__excerpt\">\n\t\t\t<p>Server Rack Lithium Battery is low voltage<\/p>\n\t\t<\/div>\n\t\t\t\t\t<div class=\"elementor-post__read-more-wrapper\">\n\t\t\n\t\t<a class=\"elementor-post__read-more\" href=\"https:\/\/cssun.net\/de\/products\/lpr-lifepo4-battery\/\" aria-label=\"Mehr \u00fcber Server Rack Lithium Battery\" tabindex=\"-1\" >\n\t\t\tWeiterlesen\t\t<\/a>\n\n\t\t\t\t\t<\/div>\n\t\t\t\t<\/div>\n\t\t\t\t<\/article>\n\t\t\t\t<article class=\"elementor-post elementor-grid-item post-3618 products type-products status-publish has-post-thumbnail hentry product_tag-lifepo4-battery-with-bms-board product_tag-lifepo4-square-cell-80-dod-6000-cycles-lpr-battery-advance product_tag-lifepo4-batteries-with-protocol-modbus-rs485-rs232-can product_category-easy-install-lithium-batteries product_category-lpw-lifepo4-power-wall-lithium-battery\" role=\"listitem\">\n\t\t\t\t<a class=\"elementor-post__thumbnail__link\" href=\"https:\/\/cssun.net\/de\/products\/lpw-lifepo4-power-wall-battery\/\" tabindex=\"-1\" >\n\t\t\t<div class=\"elementor-post__thumbnail\"><img loading=\"lazy\" decoding=\"async\" width=\"300\" height=\"300\" src=\"https:\/\/cssun.net\/wp-content\/uploads\/2024\/02\/LPW-Series-b-300x300.webp\" class=\"attachment-medium size-medium wp-image-8358\" alt=\"\" srcset=\"https:\/\/cssun.net\/wp-content\/uploads\/2024\/02\/LPW-Series-b-300x300.webp 300w, https:\/\/cssun.net\/wp-content\/uploads\/2024\/02\/LPW-Series-b-150x150.webp 150w, https:\/\/cssun.net\/wp-content\/uploads\/2024\/02\/LPW-Series-b-768x768.webp 768w, https:\/\/cssun.net\/wp-content\/uploads\/2024\/02\/LPW-Series-b-12x12.webp 12w, https:\/\/cssun.net\/wp-content\/uploads\/2024\/02\/LPW-Series-b.webp 800w\" sizes=\"(max-width: 300px) 100vw, 300px\" \/><\/div>\n\t\t<\/a>\n\t\t\t\t<div class=\"elementor-post__text\">\n\t\t\t\t<h3 class=\"elementor-post__title\">\n\t\t\t<a href=\"https:\/\/cssun.net\/de\/products\/lpw-lifepo4-power-wall-battery\/\" >\n\t\t\t\tLiFePO4 Power Wall Battery System\t\t\t<\/a>\n\t\t<\/h3>\n\t\t\t\t<div class=\"elementor-post__excerpt\">\n\t\t\t<p>LiFePO4 wall-mounted solar storage lithium battery. It<\/p>\n\t\t<\/div>\n\t\t\t\t\t<div class=\"elementor-post__read-more-wrapper\">\n\t\t\n\t\t<a class=\"elementor-post__read-more\" href=\"https:\/\/cssun.net\/de\/products\/lpw-lifepo4-power-wall-battery\/\" aria-label=\"Mehr \u00fcber LiFePO4 Power Wall Battery System\" tabindex=\"-1\" >\n\t\t\tWeiterlesen\t\t<\/a>\n\n\t\t\t\t\t<\/div>\n\t\t\t\t<\/div>\n\t\t\t\t<\/article>\n\t\t\t\t<article class=\"elementor-post elementor-grid-item post-3623 products type-products status-publish has-post-thumbnail hentry product_tag-24v-36v-48v-384v-512v-lifepo4-batteries product_tag-50ah-100ah-150ah-200ah-up-1000ah-lifepo4-batteries product_tag-lifepo4-battery-with-bms-board product_tag-lifepo4-battery-pack-for-19-power-cabinet product_tag-lifepo4-batteries-with-protocol-modbus-rs485-rs232-can product_category-easy-install-lithium-batteries\" role=\"listitem\">\n\t\t\t\t<a class=\"elementor-post__thumbnail__link\" href=\"https:\/\/cssun.net\/de\/products\/lpus-lifepo4-up-stand-lithium-battery\/\" tabindex=\"-1\" >\n\t\t\t<div class=\"elementor-post__thumbnail\"><img loading=\"lazy\" decoding=\"async\" width=\"300\" height=\"300\" src=\"https:\/\/cssun.net\/wp-content\/uploads\/2024\/02\/LPUS-Series-b-300x300.webp\" class=\"attachment-medium size-medium wp-image-8357\" alt=\"\" srcset=\"https:\/\/cssun.net\/wp-content\/uploads\/2024\/02\/LPUS-Series-b-300x300.webp 300w, https:\/\/cssun.net\/wp-content\/uploads\/2024\/02\/LPUS-Series-b-150x150.webp 150w, https:\/\/cssun.net\/wp-content\/uploads\/2024\/02\/LPUS-Series-b-768x768.webp 768w, https:\/\/cssun.net\/wp-content\/uploads\/2024\/02\/LPUS-Series-b-12x12.webp 12w, https:\/\/cssun.net\/wp-content\/uploads\/2024\/02\/LPUS-Series-b.webp 800w\" sizes=\"(max-width: 300px) 100vw, 300px\" \/><\/div>\n\t\t<\/a>\n\t\t\t\t<div class=\"elementor-post__text\">\n\t\t\t\t<h3 class=\"elementor-post__title\">\n\t\t\t<a href=\"https:\/\/cssun.net\/de\/products\/lpus-lifepo4-up-stand-lithium-battery\/\" >\n\t\t\t\tUP Stand LiFePO4 Battery System\t\t\t<\/a>\n\t\t<\/h3>\n\t\t\t\t<div class=\"elementor-post__excerpt\">\n\t\t\t<p>LPUS series UP Stand storage battery system<\/p>\n\t\t<\/div>\n\t\t\t\t\t<div class=\"elementor-post__read-more-wrapper\">\n\t\t\n\t\t<a class=\"elementor-post__read-more\" href=\"https:\/\/cssun.net\/de\/products\/lpus-lifepo4-up-stand-lithium-battery\/\" aria-label=\"Mehr \u00fcber UP Stand LiFePO4 Battery System\" tabindex=\"-1\" >\n\t\t\tWeiterlesen\t\t<\/a>\n\n\t\t\t\t\t<\/div>\n\t\t\t\t<\/div>\n\t\t\t\t<\/article>\n\t\t\t\t<article class=\"elementor-post elementor-grid-item post-6509 products type-products status-publish has-post-thumbnail hentry product_tag-lifepo4-battery-with-bms-board product_tag-lifepo4-square-cell-80-dod-6000-cycles product_category-all-in-one-ess\" role=\"listitem\">\n\t\t\t\t<a class=\"elementor-post__thumbnail__link\" href=\"https:\/\/cssun.net\/de\/products\/lpwone-all-in-one-energy-storage-system-ess-lifepo4-battery-pack-inverter\/\" tabindex=\"-1\" >\n\t\t\t<div class=\"elementor-post__thumbnail\"><img loading=\"lazy\" decoding=\"async\" width=\"300\" height=\"300\" src=\"https:\/\/cssun.net\/wp-content\/uploads\/2024\/02\/LPWONE-All-in-one-b-300x300.webp\" class=\"attachment-medium size-medium wp-image-8359\" alt=\"\" srcset=\"https:\/\/cssun.net\/wp-content\/uploads\/2024\/02\/LPWONE-All-in-one-b-300x300.webp 300w, https:\/\/cssun.net\/wp-content\/uploads\/2024\/02\/LPWONE-All-in-one-b-150x150.webp 150w, https:\/\/cssun.net\/wp-content\/uploads\/2024\/02\/LPWONE-All-in-one-b-768x768.webp 768w, https:\/\/cssun.net\/wp-content\/uploads\/2024\/02\/LPWONE-All-in-one-b-12x12.webp 12w, https:\/\/cssun.net\/wp-content\/uploads\/2024\/02\/LPWONE-All-in-one-b.webp 800w\" sizes=\"(max-width: 300px) 100vw, 300px\" \/><\/div>\n\t\t<\/a>\n\t\t\t\t<div class=\"elementor-post__text\">\n\t\t\t\t<h3 class=\"elementor-post__title\">\n\t\t\t<a href=\"https:\/\/cssun.net\/de\/products\/lpwone-all-in-one-energy-storage-system-ess-lifepo4-battery-pack-inverter\/\" >\n\t\t\t\tWall Mounted All-In-One ESS\t\t\t<\/a>\n\t\t<\/h3>\n\t\t\t\t<div class=\"elementor-post__excerpt\">\n\t\t\t<p>LiFePO4 Battery Pack + Smart Inverter CSSUN&#8217;s<\/p>\n\t\t<\/div>\n\t\t\t\t\t<div class=\"elementor-post__read-more-wrapper\">\n\t\t\n\t\t<a class=\"elementor-post__read-more\" href=\"https:\/\/cssun.net\/de\/products\/lpwone-all-in-one-energy-storage-system-ess-lifepo4-battery-pack-inverter\/\" aria-label=\"Mehr \u00fcber Wall Mounted All-In-One ESS\" tabindex=\"-1\" >\n\t\t\tWeiterlesen\t\t<\/a>\n\n\t\t\t\t\t<\/div>\n\t\t\t\t<\/div>\n\t\t\t\t<\/article>\n\t\t\t\t<\/div>\n\t\t\n\t\t\t\t\t\t<\/div>\n\t\t\t\t<\/div>\n\t\t\t\t\t<\/div>\n\t\t<\/div>\n\t\t\t\t\t<\/div>\n\t\t<\/section>\n\t\t\t\t\t<\/div>\n\t\t<\/div>\n\t\t\t\t<div class=\"elementor-column elementor-col-66 elementor-top-column elementor-element elementor-element-caf99b2\" data-id=\"caf99b2\" data-element_type=\"column\" data-e-type=\"column\">\n\t\t\t<div class=\"elementor-widget-wrap elementor-element-populated\">\n\t\t\t\t\t\t<div class=\"elementor-element elementor-element-45c999f secondary-color elementor-widget elementor-widget-text-editor\" data-id=\"45c999f\" data-element_type=\"widget\" data-e-type=\"widget\" data-widget_type=\"text-editor.default\">\n\t\t\t\t\t\t\t\t\t<p><strong>CS-Batterie<\/strong> offers a very wide range of battery products in diverse industries all over the World. For each of our businesses, we consider customer support, satisfaction and feedback an essential element of our overall marketing effort. CSSUN with operations on six continents, allowing our products be available and enjoy technical support all over the world.<\/p>\t\t\t\t\t\t\t\t<\/div>\n\t\t\t\t<div class=\"elementor-element elementor-element-d1ed7d7 elementor-widget elementor-widget-image\" data-id=\"d1ed7d7\" data-element_type=\"widget\" data-e-type=\"widget\" data-widget_type=\"image.default\">\n\t\t\t\t\t\t\t\t\t\t\t\t\t\t\t<img loading=\"lazy\" decoding=\"async\" width=\"800\" height=\"450\" src=\"https:\/\/cssun.net\/wp-content\/uploads\/2022\/12\/World-Map.jpg\" class=\"attachment-large size-large wp-image-905\" alt=\"\" srcset=\"https:\/\/cssun.net\/wp-content\/uploads\/2022\/12\/World-Map.jpg 1000w, https:\/\/cssun.net\/wp-content\/uploads\/2022\/12\/World-Map-300x169.jpg 300w, https:\/\/cssun.net\/wp-content\/uploads\/2022\/12\/World-Map-768x432.jpg 768w\" sizes=\"(max-width: 800px) 100vw, 800px\">\t\t\t\t\t\t\t\t\t\t\t\t\t\t\t<\/div>\n\t\t\t\t<div class=\"elementor-element elementor-element-a5efcc9 secondary-color elementor-widget elementor-widget-text-editor\" data-id=\"a5efcc9\" data-element_type=\"widget\" data-e-type=\"widget\" data-widget_type=\"text-editor.default\">\n\t\t\t\t\t\t\t\t\t<p><strong>\u00dcber 6\u00a0<\/strong>Niederlassungen weltweit<\/p><p><strong>\u00dcber 50<\/strong>\u00a0Distributoren \/ Agenten<\/p><p><strong>\u00dcber 1200<\/strong>\u00a0Partner.<\/p>\t\t\t\t\t\t\t\t<\/div>\n\t\t\t\t<div class=\"elementor-element elementor-element-fe24bbe secondary-color elementor-widget elementor-widget-text-editor\" data-id=\"fe24bbe\" data-element_type=\"widget\" data-e-type=\"widget\" data-widget_type=\"text-editor.default\">\n\t\t\t\t\t\t\t\t\t<p><strong>CSSUN\u2019s<\/strong> globale Pr\u00e4senz, Produktbreite und finanzielle St\u00e4rke erm\u00f6glichen es uns, auf den heutigen wettbewerbsintensiven M\u00e4rkten zu gewinnen.<\/p>\t\t\t\t\t\t\t\t<\/div>\n\t\t\t\t<div class=\"elementor-element elementor-element-6ef3af5 secondary-color elementor-widget elementor-widget-text-editor\" data-id=\"6ef3af5\" data-element_type=\"widget\" data-e-type=\"widget\" data-widget_type=\"text-editor.default\">\n\t\t\t\t\t\t\t\t\t<p><strong>Verkaufsverteilung<\/strong><\/p><p>CSSUN\u2019s\u00a0 global service teams and partner networks provide end customers with value-added support, first-rate service, products, solutions and enhancements to safeguard their capital and its efficient use.<\/p><p><strong>CSSUN China<\/strong><\/p><p data-sider-select-id=\"bfe68ae8-36ef-4d8b-9ac4-469e544a33cf\">\u2022\u00a0Mr.Leo.Liu ( Product, Cooperation )\u00a0 \u00a0 \u00a0 \u00a0\u2022 Wechat: A001 CSSUN\u00a0 \u00a0 \u00a0\u2022 Whatsapp:+8613798341910\u00a0 \u00a0 \u2022 EMail:\u00a0Sales@cssun.net<\/p><p><strong>Regionale Vertriebsb\u00fcros<\/strong><\/p><p><strong>CSSUN Spain<\/strong><\/p><p>\u2022 Herr Emilo ( Produkt, Zusammenarbeit ) \u2022 E-Mail: Emilo.Sp@cssun.net<\/p><p><strong>CSSUN Uk<\/strong><\/p><p>\u2022 Herr Jason (Produkt, Zusammenarbeit) \u2022 E-Mail: Jason.Uk@cssun.net<\/p><p><strong>CSSUN Australia<\/strong><\/p><p>\u2022 Herr Gavin Pereira (Produkt, Zusammenarbeit) \u2022 E-Mail: gavin@climatecatalysts.com.au<\/p><p><strong>CSSUN Philippines<\/strong><\/p><p>\u2022 Herr Mark Joseph Siapno (Produkt, Zusammenarbeit) \u2022 EMail: mj_siapno@yahoo.com<\/p><p><strong>CSSUN Nigeria<\/strong><\/p><p>\u2022 Herr Nelson ( Produkt, Zusammenarbeit ) \u2022 E-Mail: adimaxcontrolsbest@gmail.com \u2022 Tel: +234 906 639 3201 \u2022 Website: adimaxtech.com<\/p><p><strong>CSSUN Segegal<\/strong><\/p><p>\u2022 Herr Adrien Joseph Sarr ( Produkt, Kooperation ) \u2022 EMail: soperiel@soperiel.com \u2022 Website: www.soperiel.com<\/p><p><strong>CSSUN Comorin<\/strong><\/p><p>\u2022 Mr. Molkane Mohamed ( Produkt, Zusammenarbeit ) \u2022 EMail: moulkane@gmail.com<\/p><p><strong>CSSUN Cambodia<\/strong><\/p><p>\u2022 Herr Socheat Pao (Verkaufs- und Serviceleiter) \u2022 E-Mail: contact@ecobatt-energy.com \u2022 Tel.: +855 99 399 188 \u2022 Website: www.ecobatt-energy.com\u00a0\u00a0<\/p>\t\t\t\t\t\t\t\t<\/div>\n\t\t\t\t\t<\/div>\n\t\t<\/div>\n\t\t\t\t\t<\/div>\n\t\t<\/section>\n\t\t\t\t<\/div>","protected":false},"excerpt":{"rendered":"<p>Welcome to be CSSUN Partner Distributor, Retailer, Wholesale Join Us With Any Of These Roles Technical Service Network Service Technical Support FAQs Tech Doc Download Need Battery Urgent? You can contact us in any way that is convenient for you. We are available 24\/7 via: sales@cssun.net or WhatsApp\/WeChat: +8613798341910 CONTACT US New Products CSSUN offers [&hellip;]<\/p>","protected":false},"author":1,"featured_media":0,"parent":0,"menu_order":301,"comment_status":"closed","ping_status":"closed","template":"elementor_header_footer","meta":{"footnotes":""},"class_list":["post-873","page","type-page","status-publish","hentry"],"_links":{"self":[{"href":"https:\/\/cssun.net\/de\/wp-json\/wp\/v2\/pages\/873","targetHints":{"allow":["GET"]}}],"collection":[{"href":"https:\/\/cssun.net\/de\/wp-json\/wp\/v2\/pages"}],"about":[{"href":"https:\/\/cssun.net\/de\/wp-json\/wp\/v2\/types\/page"}],"author":[{"embeddable":true,"href":"https:\/\/cssun.net\/de\/wp-json\/wp\/v2\/users\/1"}],"replies":[{"embeddable":true,"href":"https:\/\/cssun.net\/de\/wp-json\/wp\/v2\/comments?post=873"}],"version-history":[{"count":0,"href":"https:\/\/cssun.net\/de\/wp-json\/wp\/v2\/pages\/873\/revisions"}],"wp:attachment":[{"href":"https:\/\/cssun.net\/de\/wp-json\/wp\/v2\/media?parent=873"}],"curies":[{"name":"wp","href":"https:\/\/api.w.org\/{rel}","templated":true}]}}