{"id":883,"date":"2022-12-09T19:42:28","date_gmt":"2022-12-09T19:42:28","guid":{"rendered":"https:\/\/cssun.net\/?page_id=883"},"modified":"2024-05-05T02:59:26","modified_gmt":"2024-05-05T02:59:26","slug":"technical-support","status":"publish","type":"page","link":"https:\/\/cssun.net\/de\/technical-support\/","title":{"rendered":"Technischer Support"},"content":{"rendered":"<div data-elementor-type=\"wp-page\" data-elementor-id=\"883\" class=\"elementor elementor-883\" data-elementor-post-type=\"page\">\n\t\t\t\t\t\t<section class=\"elementor-section elementor-top-section elementor-element elementor-element-7d54719 elementor-section-height-min-height elementor-section-boxed elementor-section-height-default elementor-section-items-middle\" data-id=\"7d54719\" data-element_type=\"section\" data-e-type=\"section\" data-settings=\"{&quot;jet_parallax_layout_list&quot;:[],&quot;background_background&quot;:&quot;classic&quot;}\">\n\t\t\t\t\t\t<div class=\"elementor-container elementor-column-gap-default\">\n\t\t\t\t\t<div class=\"elementor-column elementor-col-50 elementor-top-column elementor-element elementor-element-d9ecba3\" data-id=\"d9ecba3\" data-element_type=\"column\" data-e-type=\"column\" data-settings=\"{&quot;background_background&quot;:&quot;classic&quot;}\">\n\t\t\t<div class=\"elementor-widget-wrap elementor-element-populated\">\n\t\t\t\t\t\t<div class=\"elementor-element elementor-element-681e01c elementor-widget elementor-widget-heading\" data-id=\"681e01c\" data-element_type=\"widget\" data-e-type=\"widget\" data-widget_type=\"heading.default\">\n\t\t\t\t\t<h2 class=\"elementor-heading-title elementor-size-default\">Welcome to be CSSUN Partner<\/h2>\t\t\t\t<\/div>\n\t\t\t\t<div class=\"elementor-element elementor-element-b2531b1 elementor-widget elementor-widget-heading\" data-id=\"b2531b1\" data-element_type=\"widget\" data-e-type=\"widget\" data-widget_type=\"heading.default\">\n\t\t\t\t\t<h2 class=\"elementor-heading-title elementor-size-default\">Verteiler, Einzelh\u00e4ndler, Gro\u00dfh\u00e4ndler\n<br>Join Us With Any Of These Roles<\/h2>\t\t\t\t<\/div>\n\t\t\t\t\t<\/div>\n\t\t<\/div>\n\t\t\t\t<div class=\"elementor-column elementor-col-50 elementor-top-column elementor-element elementor-element-c1b39a3\" data-id=\"c1b39a3\" data-element_type=\"column\" data-e-type=\"column\">\n\t\t\t<div class=\"elementor-widget-wrap\">\n\t\t\t\t\t\t\t<\/div>\n\t\t<\/div>\n\t\t\t\t\t<\/div>\n\t\t<\/section>\n\t\t\t\t<section class=\"elementor-section elementor-top-section elementor-element elementor-element-c0df2d5 elementor-reverse-mobile elementor-section-boxed elementor-section-height-default elementor-section-height-default\" data-id=\"c0df2d5\" data-element_type=\"section\" data-e-type=\"section\" data-settings=\"{&quot;jet_parallax_layout_list&quot;:[]}\">\n\t\t\t\t\t\t<div class=\"elementor-container elementor-column-gap-default\">\n\t\t\t\t\t<div class=\"elementor-column elementor-col-33 elementor-top-column elementor-element elementor-element-9cd413e\" data-id=\"9cd413e\" data-element_type=\"column\" data-e-type=\"column\">\n\t\t\t<div class=\"elementor-widget-wrap elementor-element-populated\">\n\t\t\t\t\t\t<section class=\"elementor-section elementor-inner-section elementor-element elementor-element-9a32bd8 elementor-section-boxed elementor-section-height-default elementor-section-height-default\" data-id=\"9a32bd8\" data-element_type=\"section\" data-e-type=\"section\" data-settings=\"{&quot;jet_parallax_layout_list&quot;:[],&quot;background_background&quot;:&quot;classic&quot;,&quot;sticky&quot;:&quot;top&quot;,&quot;sticky_on&quot;:[&quot;desktop&quot;,&quot;tablet&quot;],&quot;sticky_offset&quot;:100,&quot;sticky_parent&quot;:&quot;yes&quot;,&quot;sticky_effects_offset&quot;:0,&quot;sticky_anchor_link_offset&quot;:0}\">\n\t\t\t\t\t\t<div class=\"elementor-container elementor-column-gap-default\">\n\t\t\t\t\t<div class=\"elementor-column elementor-col-100 elementor-inner-column elementor-element elementor-element-524b4aa\" data-id=\"524b4aa\" data-element_type=\"column\" data-e-type=\"column\">\n\t\t\t<div class=\"elementor-widget-wrap elementor-element-populated\">\n\t\t\t\t\t\t<div class=\"elementor-element elementor-element-0f56738 elementor-widget elementor-widget-heading\" data-id=\"0f56738\" data-element_type=\"widget\" data-e-type=\"widget\" data-widget_type=\"heading.default\">\n\t\t\t\t\t<h5 class=\"elementor-heading-title elementor-size-default\">Technischer Dienst\n<\/h5>\t\t\t\t<\/div>\n\t\t\t\t<div class=\"elementor-element elementor-element-058e801 Categories-Menu elementor-icon-list--layout-traditional elementor-list-item-link-full_width elementor-widget elementor-widget-global elementor-global-920 elementor-widget-icon-list\" data-id=\"058e801\" data-element_type=\"widget\" data-e-type=\"widget\" data-widget_type=\"icon-list.default\">\n\t\t\t\t\t\t\t<ul class=\"elementor-icon-list-items\">\n\t\t\t\t\t\t\t<li class=\"elementor-icon-list-item\">\n\t\t\t\t\t\t\t\t\t\t\t<a href=\"\/de\/network-service\/\">\n\n\t\t\t\t\t\t\t\t\t\t\t<span class=\"elementor-icon-list-text\">Netzwerkdienst<\/span>\n\t\t\t\t\t\t\t\t\t\t\t<\/a>\n\t\t\t\t\t\t\t\t\t<\/li>\n\t\t\t\t\t\t\t\t<li class=\"elementor-icon-list-item\">\n\t\t\t\t\t\t\t\t\t\t\t<a href=\"\/de\/technical-support\/\">\n\n\t\t\t\t\t\t\t\t\t\t\t<span class=\"elementor-icon-list-text\">Technischer Support<\/span>\n\t\t\t\t\t\t\t\t\t\t\t<\/a>\n\t\t\t\t\t\t\t\t\t<\/li>\n\t\t\t\t\t\t\t\t<li class=\"elementor-icon-list-item\">\n\t\t\t\t\t\t\t\t\t\t\t<a href=\"\/de\/faqs\/\">\n\n\t\t\t\t\t\t\t\t\t\t\t<span class=\"elementor-icon-list-text\">H\u00e4ufig gestellte Fragen<\/span>\n\t\t\t\t\t\t\t\t\t\t\t<\/a>\n\t\t\t\t\t\t\t\t\t<\/li>\n\t\t\t\t\t\t\t\t<li class=\"elementor-icon-list-item\">\n\t\t\t\t\t\t\t\t\t\t\t<a href=\"\/de\/tech-doc-download\/\">\n\n\t\t\t\t\t\t\t\t\t\t\t<span class=\"elementor-icon-list-text\">Tech-Doc-Download<\/span>\n\t\t\t\t\t\t\t\t\t\t\t<\/a>\n\t\t\t\t\t\t\t\t\t<\/li>\n\t\t\t\t\t\t<\/ul>\n\t\t\t\t\t\t<\/div>\n\t\t\t\t<div class=\"elementor-element elementor-element-f713cb1 elementor-cta--skin-cover elementor-bg-transform elementor-bg-transform-zoom-in elementor-widget elementor-widget-call-to-action\" data-id=\"f713cb1\" data-element_type=\"widget\" data-e-type=\"widget\" data-widget_type=\"call-to-action.default\">\n\t\t\t\t\t\t\t<div class=\"elementor-cta\">\n\t\t\t\t\t<div class=\"elementor-cta__bg-wrapper\">\n\t\t\t\t<div class=\"elementor-cta__bg elementor-bg\" style=\"background-image: url(https:\/\/cssun.net\/wp-content\/uploads\/2022\/12\/Need-Help-BG-1024x464.jpg);\" role=\"img\" aria-label=\"Need Help BG\"><\/div>\n\t\t\t\t<div class=\"elementor-cta__bg-overlay\"><\/div>\n\t\t\t<\/div>\n\t\t\t\t\t\t\t<div class=\"elementor-cta__content\">\n\t\t\t\t\n\t\t\t\t\t\t\t\t\t<h2 class=\"elementor-cta__title elementor-cta__content-item elementor-content-item\">\n\t\t\t\t\t\tBatterie dringend ben\u00f6tigt?\t\t\t\t\t<\/h2>\n\t\t\t\t\n\t\t\t\t\t\t\t\t\t<div class=\"elementor-cta__description elementor-cta__content-item elementor-content-item\">\n\t\t\t\t\t\tSie k\u00f6nnen uns auf jede f\u00fcr Sie bequeme Weise kontaktieren. Wir sind rund um die Uhr erreichbar \u00fcber: sales@cssun.net oder WhatsApp\/WeChat: +8613798341910\t\t\t\t\t<\/div>\n\t\t\t\t\n\t\t\t\t\t\t\t\t\t<div class=\"elementor-cta__button-wrapper elementor-cta__content-item elementor-content-item\">\n\t\t\t\t\t<a class=\"elementor-cta__button elementor-button elementor-size-md\" href=\"\/de\/contact-us\/\">\n\t\t\t\t\t\tKONTAKTIERE UNS\t\t\t\t\t<\/a>\n\t\t\t\t\t<\/div>\n\t\t\t\t\t\t\t<\/div>\n\t\t\t\t\t\t<\/div>\n\t\t\t\t\t\t<\/div>\n\t\t\t\t<div class=\"elementor-element elementor-element-ddc904b elementor-widget elementor-widget-spacer\" data-id=\"ddc904b\" data-element_type=\"widget\" data-e-type=\"widget\" data-widget_type=\"spacer.default\">\n\t\t\t\t\t\t\t<div class=\"elementor-spacer\">\n\t\t\t<div class=\"elementor-spacer-inner\"><\/div>\n\t\t<\/div>\n\t\t\t\t\t\t<\/div>\n\t\t\t\t<div class=\"elementor-element elementor-element-63220e9 elementor-widget elementor-widget-heading\" data-id=\"63220e9\" data-element_type=\"widget\" data-e-type=\"widget\" data-widget_type=\"heading.default\">\n\t\t\t\t\t<h5 class=\"elementor-heading-title elementor-size-default\">Neue Produkte<\/h5>\t\t\t\t<\/div>\n\t\t\t\t<div class=\"elementor-element elementor-element-857f6a7 elementor-widget elementor-widget-image\" data-id=\"857f6a7\" data-element_type=\"widget\" data-e-type=\"widget\" data-widget_type=\"image.default\">\n\t\t\t\t\t\t\t\t\t\t\t\t\t\t\t<img decoding=\"async\" width=\"106\" height=\"21\" src=\"https:\/\/cssun.net\/wp-content\/uploads\/2022\/11\/title_line.png\" class=\"attachment-large size-large wp-image-62\" alt=\"Power Battery\" \/>\t\t\t\t\t\t\t\t\t\t\t\t\t\t\t<\/div>\n\t\t\t\t<div class=\"elementor-element elementor-element-78096b3 elementor-grid-1 elementor-grid-tablet-1 elementor-posts--thumbnail-left elementor-grid-mobile-1 elementor-widget elementor-widget-posts\" data-id=\"78096b3\" data-element_type=\"widget\" data-e-type=\"widget\" data-settings=\"{&quot;classic_columns&quot;:&quot;1&quot;,&quot;classic_columns_tablet&quot;:&quot;1&quot;,&quot;classic_row_gap&quot;:{&quot;unit&quot;:&quot;px&quot;,&quot;size&quot;:20,&quot;sizes&quot;:[]},&quot;classic_columns_mobile&quot;:&quot;1&quot;,&quot;classic_row_gap_tablet&quot;:{&quot;unit&quot;:&quot;px&quot;,&quot;size&quot;:&quot;&quot;,&quot;sizes&quot;:[]},&quot;classic_row_gap_mobile&quot;:{&quot;unit&quot;:&quot;px&quot;,&quot;size&quot;:&quot;&quot;,&quot;sizes&quot;:[]}}\" data-widget_type=\"posts.classic\">\n\t\t\t\t<div class=\"elementor-widget-container\">\n\t\t\t\t\t\t\t<div class=\"elementor-posts-container elementor-posts elementor-posts--skin-classic elementor-grid\" role=\"list\">\n\t\t\t\t<article class=\"elementor-post elementor-grid-item post-3622 products type-products status-publish has-post-thumbnail hentry product_tag-lifepo4-battery-with-bms-board product_tag-lifepo4-cylinder-cell-80-dod-4000-cycles product_tag-lifepo4-square-cell-80-dod-6000-cycles product_tag-max-4-series-4-parallel-connected product_tag-lithium-battery-with-sla-battery-shell product_tag-suppler-deep-cycle-lifepo4-battery product_tag-12v400ah-24v200ah-lifepo4-battery-pack\" role=\"listitem\">\n\t\t\t\t<a class=\"elementor-post__thumbnail__link\" href=\"https:\/\/cssun.net\/de\/products\/reliable-lfp-lifepo4-battery-lead-acid-replacement\/\" tabindex=\"-1\" >\n\t\t\t<div class=\"elementor-post__thumbnail\"><img fetchpriority=\"high\" decoding=\"async\" width=\"300\" height=\"300\" src=\"https:\/\/cssun.net\/wp-content\/uploads\/2024\/03\/LFP-Series-1-300x300.webp\" class=\"attachment-medium size-medium wp-image-7611\" alt=\"\" srcset=\"https:\/\/cssun.net\/wp-content\/uploads\/2024\/03\/LFP-Series-1-300x300.webp 300w, https:\/\/cssun.net\/wp-content\/uploads\/2024\/03\/LFP-Series-1-150x150.webp 150w, https:\/\/cssun.net\/wp-content\/uploads\/2024\/03\/LFP-Series-1-768x768.webp 768w, https:\/\/cssun.net\/wp-content\/uploads\/2024\/03\/LFP-Series-1-12x12.webp 12w, https:\/\/cssun.net\/wp-content\/uploads\/2024\/03\/LFP-Series-1.webp 800w\" sizes=\"(max-width: 300px) 100vw, 300px\" \/><\/div>\n\t\t<\/a>\n\t\t\t\t<div class=\"elementor-post__text\">\n\t\t\t\t<h3 class=\"elementor-post__title\">\n\t\t\t<a href=\"https:\/\/cssun.net\/de\/products\/reliable-lfp-lifepo4-battery-lead-acid-replacement\/\" >\n\t\t\t\tLiFePO4 Battery Replace VRLA\t\t\t<\/a>\n\t\t<\/h3>\n\t\t\t\t<div class=\"elementor-post__excerpt\">\n\t\t\t<p>LFP Series 12V 24V 48V Lithium battery<\/p>\n\t\t<\/div>\n\t\t\t\t\t<div class=\"elementor-post__read-more-wrapper\">\n\t\t\n\t\t<a class=\"elementor-post__read-more\" href=\"https:\/\/cssun.net\/de\/products\/reliable-lfp-lifepo4-battery-lead-acid-replacement\/\" aria-label=\"Mehr \u00fcber LiFePO4 Battery Replace VRLA\" tabindex=\"-1\" >\n\t\t\tWeiterlesen\t\t<\/a>\n\n\t\t\t\t\t<\/div>\n\t\t\t\t<\/div>\n\t\t\t\t<\/article>\n\t\t\t\t<article class=\"elementor-post elementor-grid-item post-3624 products type-products status-publish has-post-thumbnail hentry product_tag-24v-36v-48v-384v-512v-lifepo4-batteries product_tag-50ah-100ah-150ah-200ah-up-1000ah-lifepo4-batteries product_tag-lifepo4-battery-with-bms-board product_tag-lifepo4-battery-pack-for-19-power-cabinet product_tag-lifepo4-square-cell-80-dod-6000-cycles-lpr-battery-advance product_tag-lifepo4-batteries-with-protocol-modbus-rs485-rs232-can product_category-lifepo4-batteries-for-19r\" role=\"listitem\">\n\t\t\t\t<a class=\"elementor-post__thumbnail__link\" href=\"https:\/\/cssun.net\/de\/products\/lpr-lifepo4-battery\/\" tabindex=\"-1\" >\n\t\t\t<div class=\"elementor-post__thumbnail\"><img decoding=\"async\" width=\"300\" height=\"300\" src=\"https:\/\/cssun.net\/wp-content\/uploads\/2024\/03\/LPR-Series-1-300x300.webp\" class=\"attachment-medium size-medium wp-image-7610\" alt=\"\" srcset=\"https:\/\/cssun.net\/wp-content\/uploads\/2024\/03\/LPR-Series-1-300x300.webp 300w, https:\/\/cssun.net\/wp-content\/uploads\/2024\/03\/LPR-Series-1-150x150.webp 150w, https:\/\/cssun.net\/wp-content\/uploads\/2024\/03\/LPR-Series-1-768x768.webp 768w, https:\/\/cssun.net\/wp-content\/uploads\/2024\/03\/LPR-Series-1-12x12.webp 12w, https:\/\/cssun.net\/wp-content\/uploads\/2024\/03\/LPR-Series-1.webp 800w\" sizes=\"(max-width: 300px) 100vw, 300px\" \/><\/div>\n\t\t<\/a>\n\t\t\t\t<div class=\"elementor-post__text\">\n\t\t\t\t<h3 class=\"elementor-post__title\">\n\t\t\t<a href=\"https:\/\/cssun.net\/de\/products\/lpr-lifepo4-battery\/\" >\n\t\t\t\tServer Rack Lithium Battery\t\t\t<\/a>\n\t\t<\/h3>\n\t\t\t\t<div class=\"elementor-post__excerpt\">\n\t\t\t<p>Server Rack Lithium Battery is low voltage<\/p>\n\t\t<\/div>\n\t\t\t\t\t<div class=\"elementor-post__read-more-wrapper\">\n\t\t\n\t\t<a class=\"elementor-post__read-more\" href=\"https:\/\/cssun.net\/de\/products\/lpr-lifepo4-battery\/\" aria-label=\"Mehr \u00fcber Server Rack Lithium Battery\" tabindex=\"-1\" >\n\t\t\tWeiterlesen\t\t<\/a>\n\n\t\t\t\t\t<\/div>\n\t\t\t\t<\/div>\n\t\t\t\t<\/article>\n\t\t\t\t<article class=\"elementor-post elementor-grid-item post-3618 products type-products status-publish has-post-thumbnail hentry product_tag-lifepo4-battery-with-bms-board product_tag-lifepo4-square-cell-80-dod-6000-cycles-lpr-battery-advance product_tag-lifepo4-batteries-with-protocol-modbus-rs485-rs232-can product_category-easy-install-lithium-batteries product_category-lpw-lifepo4-power-wall-lithium-battery\" role=\"listitem\">\n\t\t\t\t<a class=\"elementor-post__thumbnail__link\" href=\"https:\/\/cssun.net\/de\/products\/lpw-lifepo4-power-wall-battery\/\" tabindex=\"-1\" >\n\t\t\t<div class=\"elementor-post__thumbnail\"><img loading=\"lazy\" decoding=\"async\" width=\"300\" height=\"300\" src=\"https:\/\/cssun.net\/wp-content\/uploads\/2024\/02\/LPW-Series-b-300x300.webp\" class=\"attachment-medium size-medium wp-image-8358\" alt=\"\" srcset=\"https:\/\/cssun.net\/wp-content\/uploads\/2024\/02\/LPW-Series-b-300x300.webp 300w, https:\/\/cssun.net\/wp-content\/uploads\/2024\/02\/LPW-Series-b-150x150.webp 150w, https:\/\/cssun.net\/wp-content\/uploads\/2024\/02\/LPW-Series-b-768x768.webp 768w, https:\/\/cssun.net\/wp-content\/uploads\/2024\/02\/LPW-Series-b-12x12.webp 12w, https:\/\/cssun.net\/wp-content\/uploads\/2024\/02\/LPW-Series-b.webp 800w\" sizes=\"(max-width: 300px) 100vw, 300px\" \/><\/div>\n\t\t<\/a>\n\t\t\t\t<div class=\"elementor-post__text\">\n\t\t\t\t<h3 class=\"elementor-post__title\">\n\t\t\t<a href=\"https:\/\/cssun.net\/de\/products\/lpw-lifepo4-power-wall-battery\/\" >\n\t\t\t\tLiFePO4 Power Wall Battery System\t\t\t<\/a>\n\t\t<\/h3>\n\t\t\t\t<div class=\"elementor-post__excerpt\">\n\t\t\t<p>LiFePO4 wall-mounted solar storage lithium battery. It<\/p>\n\t\t<\/div>\n\t\t\t\t\t<div class=\"elementor-post__read-more-wrapper\">\n\t\t\n\t\t<a class=\"elementor-post__read-more\" href=\"https:\/\/cssun.net\/de\/products\/lpw-lifepo4-power-wall-battery\/\" aria-label=\"Mehr \u00fcber LiFePO4 Power Wall Battery System\" tabindex=\"-1\" >\n\t\t\tWeiterlesen\t\t<\/a>\n\n\t\t\t\t\t<\/div>\n\t\t\t\t<\/div>\n\t\t\t\t<\/article>\n\t\t\t\t<article class=\"elementor-post elementor-grid-item post-3623 products type-products status-publish has-post-thumbnail hentry product_tag-24v-36v-48v-384v-512v-lifepo4-batteries product_tag-50ah-100ah-150ah-200ah-up-1000ah-lifepo4-batteries product_tag-lifepo4-battery-with-bms-board product_tag-lifepo4-battery-pack-for-19-power-cabinet product_tag-lifepo4-batteries-with-protocol-modbus-rs485-rs232-can product_category-easy-install-lithium-batteries\" role=\"listitem\">\n\t\t\t\t<a class=\"elementor-post__thumbnail__link\" href=\"https:\/\/cssun.net\/de\/products\/lpus-lifepo4-up-stand-lithium-battery\/\" tabindex=\"-1\" >\n\t\t\t<div class=\"elementor-post__thumbnail\"><img loading=\"lazy\" decoding=\"async\" width=\"300\" height=\"300\" src=\"https:\/\/cssun.net\/wp-content\/uploads\/2024\/02\/LPUS-Series-b-300x300.webp\" class=\"attachment-medium size-medium wp-image-8357\" alt=\"\" srcset=\"https:\/\/cssun.net\/wp-content\/uploads\/2024\/02\/LPUS-Series-b-300x300.webp 300w, https:\/\/cssun.net\/wp-content\/uploads\/2024\/02\/LPUS-Series-b-150x150.webp 150w, https:\/\/cssun.net\/wp-content\/uploads\/2024\/02\/LPUS-Series-b-768x768.webp 768w, https:\/\/cssun.net\/wp-content\/uploads\/2024\/02\/LPUS-Series-b-12x12.webp 12w, https:\/\/cssun.net\/wp-content\/uploads\/2024\/02\/LPUS-Series-b.webp 800w\" sizes=\"(max-width: 300px) 100vw, 300px\" \/><\/div>\n\t\t<\/a>\n\t\t\t\t<div class=\"elementor-post__text\">\n\t\t\t\t<h3 class=\"elementor-post__title\">\n\t\t\t<a href=\"https:\/\/cssun.net\/de\/products\/lpus-lifepo4-up-stand-lithium-battery\/\" >\n\t\t\t\tUP Stand LiFePO4 Battery System\t\t\t<\/a>\n\t\t<\/h3>\n\t\t\t\t<div class=\"elementor-post__excerpt\">\n\t\t\t<p>LPUS series UP Stand storage battery system<\/p>\n\t\t<\/div>\n\t\t\t\t\t<div class=\"elementor-post__read-more-wrapper\">\n\t\t\n\t\t<a class=\"elementor-post__read-more\" href=\"https:\/\/cssun.net\/de\/products\/lpus-lifepo4-up-stand-lithium-battery\/\" aria-label=\"Mehr \u00fcber UP Stand LiFePO4 Battery System\" tabindex=\"-1\" >\n\t\t\tWeiterlesen\t\t<\/a>\n\n\t\t\t\t\t<\/div>\n\t\t\t\t<\/div>\n\t\t\t\t<\/article>\n\t\t\t\t<article class=\"elementor-post elementor-grid-item post-6509 products type-products status-publish has-post-thumbnail hentry product_tag-lifepo4-battery-with-bms-board product_tag-lifepo4-square-cell-80-dod-6000-cycles product_category-all-in-one-ess\" role=\"listitem\">\n\t\t\t\t<a class=\"elementor-post__thumbnail__link\" href=\"https:\/\/cssun.net\/de\/products\/lpwone-all-in-one-energy-storage-system-ess-lifepo4-battery-pack-inverter\/\" tabindex=\"-1\" >\n\t\t\t<div class=\"elementor-post__thumbnail\"><img loading=\"lazy\" decoding=\"async\" width=\"300\" height=\"300\" src=\"https:\/\/cssun.net\/wp-content\/uploads\/2024\/02\/LPWONE-All-in-one-b-300x300.webp\" class=\"attachment-medium size-medium wp-image-8359\" alt=\"\" srcset=\"https:\/\/cssun.net\/wp-content\/uploads\/2024\/02\/LPWONE-All-in-one-b-300x300.webp 300w, https:\/\/cssun.net\/wp-content\/uploads\/2024\/02\/LPWONE-All-in-one-b-150x150.webp 150w, https:\/\/cssun.net\/wp-content\/uploads\/2024\/02\/LPWONE-All-in-one-b-768x768.webp 768w, https:\/\/cssun.net\/wp-content\/uploads\/2024\/02\/LPWONE-All-in-one-b-12x12.webp 12w, https:\/\/cssun.net\/wp-content\/uploads\/2024\/02\/LPWONE-All-in-one-b.webp 800w\" sizes=\"(max-width: 300px) 100vw, 300px\" \/><\/div>\n\t\t<\/a>\n\t\t\t\t<div class=\"elementor-post__text\">\n\t\t\t\t<h3 class=\"elementor-post__title\">\n\t\t\t<a href=\"https:\/\/cssun.net\/de\/products\/lpwone-all-in-one-energy-storage-system-ess-lifepo4-battery-pack-inverter\/\" >\n\t\t\t\tWall Mounted All-In-One ESS\t\t\t<\/a>\n\t\t<\/h3>\n\t\t\t\t<div class=\"elementor-post__excerpt\">\n\t\t\t<p>LiFePO4 Battery Pack + Smart Inverter CSSUN&#8217;s<\/p>\n\t\t<\/div>\n\t\t\t\t\t<div class=\"elementor-post__read-more-wrapper\">\n\t\t\n\t\t<a class=\"elementor-post__read-more\" href=\"https:\/\/cssun.net\/de\/products\/lpwone-all-in-one-energy-storage-system-ess-lifepo4-battery-pack-inverter\/\" aria-label=\"Mehr \u00fcber Wall Mounted All-In-One ESS\" tabindex=\"-1\" >\n\t\t\tWeiterlesen\t\t<\/a>\n\n\t\t\t\t\t<\/div>\n\t\t\t\t<\/div>\n\t\t\t\t<\/article>\n\t\t\t\t<\/div>\n\t\t\n\t\t\t\t\t\t<\/div>\n\t\t\t\t<\/div>\n\t\t\t\t\t<\/div>\n\t\t<\/div>\n\t\t\t\t\t<\/div>\n\t\t<\/section>\n\t\t\t\t\t<\/div>\n\t\t<\/div>\n\t\t\t\t<div class=\"elementor-column elementor-col-66 elementor-top-column elementor-element elementor-element-9ee2eac\" data-id=\"9ee2eac\" data-element_type=\"column\" data-e-type=\"column\">\n\t\t\t<div class=\"elementor-widget-wrap elementor-element-populated\">\n\t\t\t\t\t\t<div class=\"elementor-element elementor-element-df2529b elementor-widget elementor-widget-heading\" data-id=\"df2529b\" data-element_type=\"widget\" data-e-type=\"widget\" data-widget_type=\"heading.default\">\n\t\t\t\t\t<h2 class=\"elementor-heading-title elementor-size-default\">CSSUN TECHNICAL ADVANTAGE\n\n<\/h2>\t\t\t\t<\/div>\n\t\t\t\t<div class=\"elementor-element elementor-element-d9666c7 secondary-color elementor-widget elementor-widget-text-editor\" data-id=\"d9666c7\" data-element_type=\"widget\" data-e-type=\"widget\" data-widget_type=\"text-editor.default\">\n\t\t\t\t\t\t\t\t\t<p><strong>CS-Batterie<\/strong> has setup world-class R&amp;D centers in Foshan Guangdong China, gathering a large number of industry elite including two professors and a dozen senior engineers who have rich experience in battery research, as well as manufacturing, R&amp;D of data center and key infrastructure equipment. the performance of our products has high international standards and a variety of technologies have been granted national and international patents such as the UPS, battery charger, Smart IT Cabin Solution etc. Therefore, choose CSSUN, you can get professional support with<\/p>\t\t\t\t\t\t\t\t<\/div>\n\t\t\t\t<div class=\"elementor-element elementor-element-bbe9156 secondary-color elementor-widget elementor-widget-text-editor\" data-id=\"bbe9156\" data-element_type=\"widget\" data-e-type=\"widget\" data-widget_type=\"text-editor.default\">\n\t\t\t\t\t\t\t\t\t<ul><li>umfassende Datenbl\u00e4tter, Anleitungen, Software und Zertifikate;<\/li><li>24-Stunden-Reaktionszeit zur Unterst\u00fctzung der Projektstandorte;<\/li><li>erfahrene Ingenieure, um eine nahtlose Kombination aus kundenspezifischen Produkten und L\u00f6sungen anzubieten.<\/li><\/ul>\t\t\t\t\t\t\t\t<\/div>\n\t\t\t\t<div class=\"elementor-element elementor-element-5eeb703 elementor-widget elementor-widget-image\" data-id=\"5eeb703\" data-element_type=\"widget\" data-e-type=\"widget\" data-widget_type=\"image.default\">\n\t\t\t\t\t\t\t\t\t\t\t\t\t\t\t<img loading=\"lazy\" decoding=\"async\" width=\"800\" height=\"370\" src=\"https:\/\/cssun.net\/wp-content\/uploads\/2024\/05\/CSSUN-Lithium-Manufacturer-Project-show.webp\" class=\"attachment-large size-large wp-image-5533\" alt=\"CSSUN COMPANY is a Chinese Lithium Battery Manufacturer\" srcset=\"https:\/\/cssun.net\/wp-content\/uploads\/2024\/05\/CSSUN-Lithium-Manufacturer-Project-show.webp 1024w, https:\/\/cssun.net\/wp-content\/uploads\/2024\/05\/CSSUN-Lithium-Manufacturer-Project-show-300x139.webp 300w, https:\/\/cssun.net\/wp-content\/uploads\/2024\/05\/CSSUN-Lithium-Manufacturer-Project-show-768x355.webp 768w, https:\/\/cssun.net\/wp-content\/uploads\/2024\/05\/CSSUN-Lithium-Manufacturer-Project-show-18x8.webp 18w\" sizes=\"(max-width: 800px) 100vw, 800px\" \/>\t\t\t\t\t\t\t\t\t\t\t\t\t\t\t<\/div>\n\t\t\t\t<div class=\"elementor-element elementor-element-c80f556 elementor-widget elementor-widget-heading\" data-id=\"c80f556\" data-element_type=\"widget\" data-e-type=\"widget\" data-widget_type=\"heading.default\">\n\t\t\t\t\t<h2 class=\"elementor-heading-title elementor-size-default\">CSSUN TECHNICAL TRAINING\n\n\n<\/h2>\t\t\t\t<\/div>\n\t\t\t\t<div class=\"elementor-element elementor-element-6edf72c secondary-color elementor-widget elementor-widget-text-editor\" data-id=\"6edf72c\" data-element_type=\"widget\" data-e-type=\"widget\" data-widget_type=\"text-editor.default\">\n\t\t\t\t\t\t\t\t\t<p>CSSUN training program is designed to meet the practical application, training objectives include CSSUN partners, users and employees. The training course will vary according to the background of trainees. We can provide training in the following areas:<\/p><ul><li>Einf\u00fchrung in das Funktionsprinzip des Produkts<\/li><li>Schulung zur Produktwartung<\/li><li>Erl\u00e4uterung des Produktanwendungsfalls<\/li><li>Ma\u00dfgeschneiderte Kurse f\u00fcr bestimmte Kunden<\/li><\/ul><p>Eine genaue Schulung hilft Ihnen, in jeder Situation schnell und effizient zu reagieren, und hilft Ihnen, die Betriebseffizienz der Produktionsanlage zu verbessern.<\/p>\t\t\t\t\t\t\t\t<\/div>\n\t\t\t\t\t<\/div>\n\t\t<\/div>\n\t\t\t\t\t<\/div>\n\t\t<\/section>\n\t\t\t\t<\/div>","protected":false},"excerpt":{"rendered":"<p>Welcome to be CSSUN Partner Distributor, Retailer, Wholesaler Join Us With Any Of These Roles Technical Service Network Service Technical Support FAQs Tech Doc Download Need Battery Urgent? You can contact us in any way that is convenient for you. We are available 24\/7 via: sales@cssun.net or WhatsApp\/WeChat: +8613798341910 CONTACT US New Products CSSUN TECHNICAL [&hellip;]<\/p>","protected":false},"author":1,"featured_media":0,"parent":0,"menu_order":302,"comment_status":"closed","ping_status":"closed","template":"elementor_header_footer","meta":{"footnotes":""},"class_list":["post-883","page","type-page","status-publish","hentry"],"_links":{"self":[{"href":"https:\/\/cssun.net\/de\/wp-json\/wp\/v2\/pages\/883","targetHints":{"allow":["GET"]}}],"collection":[{"href":"https:\/\/cssun.net\/de\/wp-json\/wp\/v2\/pages"}],"about":[{"href":"https:\/\/cssun.net\/de\/wp-json\/wp\/v2\/types\/page"}],"author":[{"embeddable":true,"href":"https:\/\/cssun.net\/de\/wp-json\/wp\/v2\/users\/1"}],"replies":[{"embeddable":true,"href":"https:\/\/cssun.net\/de\/wp-json\/wp\/v2\/comments?post=883"}],"version-history":[{"count":0,"href":"https:\/\/cssun.net\/de\/wp-json\/wp\/v2\/pages\/883\/revisions"}],"wp:attachment":[{"href":"https:\/\/cssun.net\/de\/wp-json\/wp\/v2\/media?parent=883"}],"curies":[{"name":"wp","href":"https:\/\/api.w.org\/{rel}","templated":true}]}}